{"id":1208,"date":"2022-11-09T22:40:26","date_gmt":"2022-11-09T21:40:26","guid":{"rendered":"https:\/\/accidentedetrafico.com\/?page_id=1208"},"modified":"2022-11-15T14:49:41","modified_gmt":"2022-11-15T13:49:41","slug":"muertes","status":"publish","type":"page","link":"https:\/\/accidentedetrafico.com\/en\/indemnities\/deaths\/","title":{"rendered":"Compensation for Death in a Traffic Accident"},"content":{"rendered":"\t\t<div data-elementor-type=\"wp-page\" data-elementor-id=\"1208\" class=\"elementor elementor-1208\">\n\t\t\t\t\t\t<section class=\"elementor-section elementor-top-section elementor-element elementor-element-2630da4 elementor-section-boxed elementor-section-height-default elementor-section-height-default\" data-id=\"2630da4\" data-element_type=\"section\" data-e-type=\"section\" data-settings=\"{&quot;background_background&quot;:&quot;classic&quot;}\">\n\t\t\t\t\t\t\t<div class=\"elementor-background-overlay\"><\/div>\n\t\t\t\t\t\t\t<div class=\"elementor-container elementor-column-gap-default\">\n\t\t\t\t\t<div class=\"elementor-column elementor-col-100 elementor-top-column elementor-element elementor-element-c01eb87\" data-id=\"c01eb87\" data-element_type=\"column\" data-e-type=\"column\">\n\t\t\t<div class=\"elementor-widget-wrap elementor-element-populated\">\n\t\t\t\t\t\t<div class=\"elementor-element elementor-element-d9be86c elementor-widget elementor-widget-heading\" data-id=\"d9be86c\" data-element_type=\"widget\" data-e-type=\"widget\" data-widget_type=\"heading.default\">\n\t\t\t\t<div class=\"elementor-widget-container\">\n\t\t\t\t\t<h1 class=\"elementor-heading-title elementor-size-default\">Indemnizaci\u00f3n por Muerte en Accidente de Tr\u00e1fico<\/h1>\t\t\t\t<\/div>\n\t\t\t\t<\/div>\n\t\t\t\t\t<\/div>\n\t\t<\/div>\n\t\t\t\t\t<\/div>\n\t\t<\/section>\n\t\t\t\t<section class=\"elementor-section elementor-top-section elementor-element elementor-element-3021c40 elementor-section-boxed elementor-section-height-default elementor-section-height-default\" data-id=\"3021c40\" data-element_type=\"section\" data-e-type=\"section\">\n\t\t\t\t\t\t<div class=\"elementor-container elementor-column-gap-default\">\n\t\t\t\t\t<div class=\"elementor-column elementor-col-50 elementor-top-column elementor-element elementor-element-548b9ee\" data-id=\"548b9ee\" data-element_type=\"column\" data-e-type=\"column\">\n\t\t\t<div class=\"elementor-widget-wrap elementor-element-populated\">\n\t\t\t\t\t\t<div class=\"elementor-element elementor-element-9e0b009 elementor-widget elementor-widget-image\" data-id=\"9e0b009\" data-element_type=\"widget\" data-e-type=\"widget\" data-widget_type=\"image.default\">\n\t\t\t\t<div class=\"elementor-widget-container\">\n\t\t\t\t\t\t\t\t\t\t\t\t\t\t\t<img fetchpriority=\"high\" decoding=\"async\" width=\"768\" height=\"512\" src=\"https:\/\/accidentedetrafico.com\/wp-content\/uploads\/2022\/11\/indemnizacion-muerte-accidente-trafico-768x512.jpeg\" class=\"attachment-medium_large size-medium_large wp-image-1218\" alt=\"\" srcset=\"https:\/\/accidentedetrafico.com\/wp-content\/uploads\/2022\/11\/indemnizacion-muerte-accidente-trafico-768x512.jpeg 768w, https:\/\/accidentedetrafico.com\/wp-content\/uploads\/2022\/11\/indemnizacion-muerte-accidente-trafico-600x400.jpeg 600w, https:\/\/accidentedetrafico.com\/wp-content\/uploads\/2022\/11\/indemnizacion-muerte-accidente-trafico-18x12.jpeg 18w, https:\/\/accidentedetrafico.com\/wp-content\/uploads\/2022\/11\/indemnizacion-muerte-accidente-trafico.jpeg 1000w\" sizes=\"(max-width: 768px) 100vw, 768px\" \/>\t\t\t\t\t\t\t\t\t\t\t\t\t\t\t<\/div>\n\t\t\t\t<\/div>\n\t\t\t\t<div class=\"elementor-element elementor-element-60a8791 elementor-widget elementor-widget-heading\" data-id=\"60a8791\" data-element_type=\"widget\" data-e-type=\"widget\" data-widget_type=\"heading.default\">\n\t\t\t\t<div class=\"elementor-widget-container\">\n\t\t\t\t\t<h2 class=\"elementor-heading-title elementor-size-default\">\u00bfNecesitas reclamar una indemnizaci\u00f3n por muerte en un accidente de tr\u00e1fico?<\/h2>\t\t\t\t<\/div>\n\t\t\t\t<\/div>\n\t\t\t\t<div class=\"elementor-element elementor-element-8a44ce7 elementor-widget elementor-widget-text-editor\" data-id=\"8a44ce7\" data-element_type=\"widget\" data-e-type=\"widget\" data-widget_type=\"text-editor.default\">\n\t\t\t\t<div class=\"elementor-widget-container\">\n\t\t\t\t\t\t\t\t\t<p><span style=\"font-weight: 400;\">Cuando alguien fallece se ha de actuar r\u00e1pido e intentar buscar a un despacho de abogados especializado en accidentes de tr\u00e1fico, nosotros hemos llevado en muchas ocasiones temas de accidentes por muertes e incapacidades y le podemos ayudar.<\/span><\/p><p>\u00a0<\/p><p><span style=\"font-weight: 400;\">Existen multitud de actuaciones concretas a tener en cuenta cuando se produce la muerte de una persona en un accidente, cuando son por ejemplo accidentes producidos en el trabajo,\u00a0 es muy importante comunicar el accidente a la Inspecci\u00f3n de Trabajo de forma urgente, para que realice una investigaci\u00f3n de las causas del siniestro, ya que podr\u00eda ser de gran ayuda.<\/span><\/p><p>\u00a0<\/p><p><span style=\"font-weight: 400;\">En los accidentes en los que se produzca la muerte del piloto, copiloto o una tercera persona siempre se tendr\u00e1 en cuenta si son hijos, nietos, esposos o hermanos, es decir, si estamos ante el fallecimiento en un accidente de la esposa, el beneficiario va a ser el esposo, pero tambi\u00e9n los padres de la fallecida, los hermanos y los hijos..<\/span><\/p><p>\u00a0<\/p><p><span style=\"font-weight: 400;\">Habitualmente, las compa\u00f1\u00edas si ven que las pruebas indican que la culpa es clara han de pagar, suelen aceptar el pago de la indemnizaci\u00f3n de forma urgente.<\/span><\/p>\t\t\t\t\t\t\t\t<\/div>\n\t\t\t\t<\/div>\n\t\t\t\t\t<\/div>\n\t\t<\/div>\n\t\t\t\t<div class=\"elementor-column elementor-col-50 elementor-top-column elementor-element elementor-element-d722124 elementor-hidden-tablet elementor-hidden-mobile\" data-id=\"d722124\" data-element_type=\"column\" data-e-type=\"column\" data-settings=\"{&quot;background_background&quot;:&quot;classic&quot;}\">\n\t\t\t<div class=\"elementor-widget-wrap elementor-element-populated\">\n\t\t\t\t\t\t<section class=\"elementor-section elementor-inner-section elementor-element elementor-element-780f921 elementor-section-boxed elementor-section-height-default elementor-section-height-default\" data-id=\"780f921\" data-element_type=\"section\" data-e-type=\"section\" data-settings=\"{&quot;background_background&quot;:&quot;classic&quot;,&quot;sticky&quot;:&quot;top&quot;,&quot;sticky_offset&quot;:30,&quot;sticky_on&quot;:[&quot;desktop&quot;,&quot;tablet&quot;,&quot;mobile&quot;],&quot;sticky_effects_offset&quot;:0}\">\n\t\t\t\t\t\t<div class=\"elementor-container elementor-column-gap-default\">\n\t\t\t\t\t<div class=\"elementor-column elementor-col-100 elementor-inner-column elementor-element elementor-element-ddefc1c\" data-id=\"ddefc1c\" data-element_type=\"column\" data-e-type=\"column\" data-settings=\"{&quot;background_background&quot;:&quot;classic&quot;}\">\n\t\t\t<div class=\"elementor-widget-wrap elementor-element-populated\">\n\t\t\t\t\t\t<div class=\"elementor-element elementor-element-bfd0535 elementor-widget elementor-widget-heading\" data-id=\"bfd0535\" data-element_type=\"widget\" data-e-type=\"widget\" data-widget_type=\"heading.default\">\n\t\t\t\t<div class=\"elementor-widget-container\">\n\t\t\t\t\t<span class=\"elementor-heading-title elementor-size-default\">\u00bfHa sufrido un accidente de tr\u00e1fico?<\/span>\t\t\t\t<\/div>\n\t\t\t\t<\/div>\n\t\t\t\t<div class=\"elementor-element elementor-element-cfe2b2a elementor-button-align-stretch elementor-widget elementor-widget-form\" data-id=\"cfe2b2a\" data-element_type=\"widget\" data-e-type=\"widget\" data-settings=\"{&quot;step_next_label&quot;:&quot;Next&quot;,&quot;step_previous_label&quot;:&quot;Previous&quot;,&quot;button_width&quot;:&quot;100&quot;,&quot;step_type&quot;:&quot;number_text&quot;,&quot;step_icon_shape&quot;:&quot;circle&quot;}\" data-widget_type=\"form.default\">\n\t\t\t\t<div class=\"elementor-widget-container\">\n\t\t\t\t\t\t\t<form class=\"elementor-form\" method=\"post\" name=\"New Form\">\n\t\t\t<input type=\"hidden\" name=\"post_id\" value=\"1208\"\/>\n\t\t\t<input type=\"hidden\" name=\"form_id\" value=\"cfe2b2a\"\/>\n\t\t\t<input type=\"hidden\" name=\"referer_title\" value=\"\" \/>\n\n\t\t\t\n\t\t\t<div class=\"elementor-form-fields-wrapper elementor-labels-above\">\n\t\t\t\t\t\t\t\t<div class=\"elementor-field-type-text elementor-field-group elementor-column elementor-field-group-name elementor-col-100 elementor-field-required\">\n\t\t\t\t\t\t\t\t\t\t\t\t\t<input size=\"1\" type=\"text\" name=\"form_fields[name]\" id=\"form-field-name\" class=\"elementor-field elementor-size-sm  elementor-field-textual\" placeholder=\"Nombre\" required=\"required\" aria-required=\"true\">\n\t\t\t\t\t\t\t\t\t\t\t<\/div>\n\t\t\t\t\t\t\t\t<div class=\"elementor-field-type-email elementor-field-group elementor-column elementor-field-group-email elementor-col-100 elementor-field-required\">\n\t\t\t\t\t\t\t\t\t\t\t\t\t<input size=\"1\" type=\"email\" name=\"form_fields[email]\" id=\"form-field-email\" class=\"elementor-field elementor-size-sm  elementor-field-textual\" placeholder=\"Email\" required=\"required\" aria-required=\"true\">\n\t\t\t\t\t\t\t\t\t\t\t<\/div>\n\t\t\t\t\t\t\t\t<div class=\"elementor-field-type-tel elementor-field-group elementor-column elementor-field-group-field_fde96fb elementor-col-100 elementor-field-required\">\n\t\t\t\t\t\t\t<input size=\"1\" type=\"tel\" name=\"form_fields[field_fde96fb]\" id=\"form-field-field_fde96fb\" class=\"elementor-field elementor-size-sm  elementor-field-textual\" placeholder=\"Tel\u00e9fono\" required=\"required\" aria-required=\"true\" pattern=\"[0-9()#&amp;+*-=.]+\" title=\"Only numbers and phone characters (#, -, *, etc) are accepted.\">\n\n\t\t\t\t\t\t<\/div>\n\t\t\t\t\t\t\t\t<div class=\"elementor-field-type-textarea elementor-field-group elementor-column elementor-field-group-message elementor-col-100\">\n\t\t\t\t\t<textarea class=\"elementor-field-textual elementor-field  elementor-size-sm\" name=\"form_fields[message]\" id=\"form-field-message\" rows=\"4\" placeholder=\"Mensaje\"><\/textarea>\t\t\t\t<\/div>\n\t\t\t\t\t\t\t\t<div class=\"elementor-field-group elementor-column elementor-field-type-submit elementor-col-100 e-form__buttons\">\n\t\t\t\t\t<button type=\"submit\" class=\"elementor-button elementor-size-sm\">\n\t\t\t\t\t\t<span >\n\t\t\t\t\t\t\t\t\t\t\t\t\t\t\t<span class=\" elementor-button-icon\">\n\t\t\t\t\t\t\t\t\t\t\t\t\t\t\t\t\t\t\t\t\t\t\t\t\t\t<\/span>\n\t\t\t\t\t\t\t\t\t\t\t\t\t\t\t\t\t\t\t\t\t\t<span class=\"elementor-button-text\">Enviar<\/span>\n\t\t\t\t\t\t\t\t\t\t\t\t\t<\/span>\n\t\t\t\t\t<\/button>\n\t\t\t\t<\/div>\n\t\t\t<\/div>\n\t\t<\/form>\n\t\t\t\t\t\t<\/div>\n\t\t\t\t<\/div>\n\t\t\t\t\t<\/div>\n\t\t<\/div>\n\t\t\t\t\t<\/div>\n\t\t<\/section>\n\t\t\t\t\t<\/div>\n\t\t<\/div>\n\t\t\t\t\t<\/div>\n\t\t<\/section>\n\t\t\t\t<section class=\"elementor-section elementor-top-section elementor-element elementor-element-bceeb75 elementor-section-boxed elementor-section-height-default elementor-section-height-default\" data-id=\"bceeb75\" data-element_type=\"section\" data-e-type=\"section\">\n\t\t\t\t\t\t<div class=\"elementor-container elementor-column-gap-no\">\n\t\t\t\t\t<div class=\"elementor-column elementor-col-50 elementor-top-column elementor-element elementor-element-bab9839\" data-id=\"bab9839\" data-element_type=\"column\" data-e-type=\"column\">\n\t\t\t<div class=\"elementor-widget-wrap elementor-element-populated\">\n\t\t\t\t\t\t<section class=\"elementor-section elementor-inner-section elementor-element elementor-element-09076c1 elementor-section-height-min-height elementor-section-boxed elementor-section-height-default\" data-id=\"09076c1\" data-element_type=\"section\" data-e-type=\"section\" data-settings=\"{&quot;background_background&quot;:&quot;classic&quot;}\">\n\t\t\t\t\t\t\t<div class=\"elementor-background-overlay\"><\/div>\n\t\t\t\t\t\t\t<div class=\"elementor-container elementor-column-gap-default\">\n\t\t\t\t\t<div class=\"elementor-column elementor-col-100 elementor-inner-column elementor-element elementor-element-45dbefe\" data-id=\"45dbefe\" data-element_type=\"column\" data-e-type=\"column\">\n\t\t\t<div class=\"elementor-widget-wrap elementor-element-populated\">\n\t\t\t\t\t\t<div class=\"elementor-element elementor-element-ee6ef94 elementor-widget elementor-widget-heading\" data-id=\"ee6ef94\" data-element_type=\"widget\" data-e-type=\"widget\" data-widget_type=\"heading.default\">\n\t\t\t\t<div class=\"elementor-widget-container\">\n\t\t\t\t\t<span class=\"elementor-heading-title elementor-size-default\">\u00bfTe ayudamos?<\/span>\t\t\t\t<\/div>\n\t\t\t\t<\/div>\n\t\t\t\t<div class=\"elementor-element elementor-element-31eb8b3 elementor-align-center elementor-widget elementor-widget-button\" data-id=\"31eb8b3\" data-element_type=\"widget\" data-e-type=\"widget\" data-widget_type=\"button.default\">\n\t\t\t\t<div class=\"elementor-widget-container\">\n\t\t\t\t\t\t\t\t\t<div class=\"elementor-button-wrapper\">\n\t\t\t\t\t<a class=\"elementor-button elementor-button-link elementor-size-sm elementor-animation-grow\" href=\"\/contacto\">\n\t\t\t\t\t\t<span class=\"elementor-button-content-wrapper\">\n\t\t\t\t\t\t\t\t\t<span class=\"elementor-button-text\">Contacta con nosotros, <br>Tu consulta gratuita<\/span>\n\t\t\t\t\t<\/span>\n\t\t\t\t\t<\/a>\n\t\t\t\t<\/div>\n\t\t\t\t\t\t\t\t<\/div>\n\t\t\t\t<\/div>\n\t\t\t\t\t<\/div>\n\t\t<\/div>\n\t\t\t\t\t<\/div>\n\t\t<\/section>\n\t\t\t\t\t<\/div>\n\t\t<\/div>\n\t\t\t\t<div class=\"elementor-column elementor-col-50 elementor-top-column elementor-element elementor-element-abbf81f\" data-id=\"abbf81f\" data-element_type=\"column\" data-e-type=\"column\">\n\t\t\t<div class=\"elementor-widget-wrap\">\n\t\t\t\t\t\t\t<\/div>\n\t\t<\/div>\n\t\t\t\t\t<\/div>\n\t\t<\/section>\n\t\t\t\t<section class=\"elementor-section elementor-top-section elementor-element elementor-element-75d0e55 elementor-section-boxed elementor-section-height-default elementor-section-height-default\" data-id=\"75d0e55\" data-element_type=\"section\" data-e-type=\"section\">\n\t\t\t\t\t\t<div class=\"elementor-container elementor-column-gap-default\">\n\t\t\t\t\t<div class=\"elementor-column elementor-col-50 elementor-top-column elementor-element elementor-element-20ee0b8\" data-id=\"20ee0b8\" data-element_type=\"column\" data-e-type=\"column\" data-settings=\"{&quot;background_background&quot;:&quot;classic&quot;}\">\n\t\t\t<div class=\"elementor-widget-wrap elementor-element-populated\">\n\t\t\t\t\t\t<div class=\"elementor-element elementor-element-79c06f9 elementor-widget elementor-widget-heading\" data-id=\"79c06f9\" data-element_type=\"widget\" data-e-type=\"widget\" data-widget_type=\"heading.default\">\n\t\t\t\t<div class=\"elementor-widget-container\">\n\t\t\t\t\t<h2 class=\"elementor-heading-title elementor-size-default\">Indemnizaci\u00f3n por muerte esposo o esposa (c\u00f3nyuge) en accidente de tr\u00e1fico<\/h2>\t\t\t\t<\/div>\n\t\t\t\t<\/div>\n\t\t\t\t<div class=\"elementor-element elementor-element-e50370a elementor-widget elementor-widget-text-editor\" data-id=\"e50370a\" data-element_type=\"widget\" data-e-type=\"widget\" data-widget_type=\"text-editor.default\">\n\t\t\t\t<div class=\"elementor-widget-container\">\n\t\t\t\t\t\t\t\t\t<p><span style=\"font-weight: 400;\">En los accidentes de tr\u00e1fico en los que se produce un fallecimiento o muerte, es importante, como explicamos en el la reclamaci\u00f3n por <\/span><span style=\"font-weight: 400;\">INDEMNIZACI\u00d3N POR MUERTE EN ACCIDENTE DE TR\u00c1FICO<\/span><span style=\"font-weight: 400;\">, <\/span><span style=\"font-weight: 400;\">realizar todas las acciones de forma r\u00e1pida, tanto a nivel jur\u00eddico, como a nivel administrativo y policial.<\/span><\/p><p><span style=\"font-weight: 400;\">En ocasiones los accidentes con fallecimientos son producidos por alguien que comete un delito y ese accidente ser\u00e1 enjuiciado irremediablemente en la jurisdicci\u00f3n penal, y en esos casos los familiares, el esposo o la esposa, como no podr\u00eda ser de otra manera, habr\u00e1n de buscar a un abogado especializado en temas de accidentes de tr\u00e1fico, pero tambi\u00e9n experto en la jurisdicci\u00f3n penal, por ello este despacho tiene varios abogados con m\u00e1s de 15 a\u00f1os de experiencia en la jurisdicci\u00f3n penal.<\/span><\/p><p><span style=\"font-weight: 400;\">El c\u00f3nyuge superviviente tendr\u00e1 que intentar en poco tiempo actuar de forma eficaz, denunciar el hecho ante la comisar\u00eda, que casi con toda seguridad ya se habr\u00e1 realizado un atestado policial, comunicarlo a la compa\u00f1\u00eda, recabar todas las pruebas que sean posible, contratar al mejor abogado especialista en accidentes de tr\u00e1fico que pueda encontrar y personarse en el juzgado donde se juzgue el caso.<\/span><\/p><p><span style=\"font-weight: 400;\">La indemnizaci\u00f3n por muerte del c\u00f3nyuge se habr\u00e1 de extraer de las tablas existentes para los perjuicios personales b\u00e1sicos que van desde los 90.000 euros hasta los 50.000, dependiendo de los a\u00f1os de convivencia y de los a\u00f1os de la v\u00edctima. De igual forma se habr\u00e1n de reclamar los perjuicios particulares y el perjuicio patrimonial del c\u00f3nyuge viudo. Adem\u00e1s podr\u00eda incrementar la indemnizaci\u00f3n dependiendo de los a\u00f1os de convivencia.<\/span><\/p><p><span style=\"font-weight: 400;\">Es importante en los procedimientos penales acudir como acusaci\u00f3n particular, ya que en ese caso s\u00f3lo si el c\u00f3nyuge superviviente est\u00e1 conforme se puede llegar a un acuerdo entre el fiscal y el abogado defensor de la persona que caus\u00f3 la muerte al esposo o esposa.\u00a0 Cuando se comparece como acusaci\u00f3n particular, el esposo o esposa si no est\u00e1 conforme con la pena impuesta al causante del fallecimiento podr\u00eda obligar a realizar un juicio en el que la pena podr\u00eda ser mucho mayor.<\/span><\/p>\t\t\t\t\t\t\t\t<\/div>\n\t\t\t\t<\/div>\n\t\t\t\t\t<\/div>\n\t\t<\/div>\n\t\t\t\t<div class=\"elementor-column elementor-col-50 elementor-top-column elementor-element elementor-element-8edd637\" data-id=\"8edd637\" data-element_type=\"column\" data-e-type=\"column\">\n\t\t\t<div class=\"elementor-widget-wrap\">\n\t\t\t\t\t\t\t<\/div>\n\t\t<\/div>\n\t\t\t\t\t<\/div>\n\t\t<\/section>\n\t\t\t\t<section class=\"elementor-section elementor-top-section elementor-element elementor-element-aa6c5eb elementor-section-boxed elementor-section-height-default elementor-section-height-default\" data-id=\"aa6c5eb\" data-element_type=\"section\" data-e-type=\"section\" data-settings=\"{&quot;background_background&quot;:&quot;classic&quot;}\">\n\t\t\t\t\t\t<div class=\"elementor-container elementor-column-gap-default\">\n\t\t\t\t\t<div class=\"elementor-column elementor-col-50 elementor-top-column elementor-element elementor-element-050ca58\" data-id=\"050ca58\" data-element_type=\"column\" data-e-type=\"column\">\n\t\t\t<div class=\"elementor-widget-wrap elementor-element-populated\">\n\t\t\t\t\t\t<div class=\"elementor-element elementor-element-1a5df47 elementor-widget elementor-widget-elementskit-heading\" data-id=\"1a5df47\" data-element_type=\"widget\" data-e-type=\"widget\" data-widget_type=\"elementskit-heading.default\">\n\t\t\t\t<div class=\"elementor-widget-container\">\n\t\t\t\t\t<div class=\"ekit-wid-con\" ><div class=\"ekit-heading elementskit-section-title-wraper text_left   ekit_heading_tablet-   ekit_heading_mobile-\"><h2 class=\"ekit-heading--title elementskit-section-title \">Indemnizaci\u00f3n por muerte de hijo en accidente de tr\u00e1fico<\/h2><\/div><\/div>\t\t\t\t<\/div>\n\t\t\t\t<\/div>\n\t\t\t\t<div class=\"elementor-element elementor-element-bb73699 elementor-widget elementor-widget-text-editor\" data-id=\"bb73699\" data-element_type=\"widget\" data-e-type=\"widget\" data-widget_type=\"text-editor.default\">\n\t\t\t\t<div class=\"elementor-widget-container\">\n\t\t\t\t\t\t\t\t\t<p><span style=\"font-weight: 400;\">Un accidente de tr\u00e1fico en el que ha fallecido un hijo o hija no es como cualquier otro accidente de tr\u00e1fico, el padre o madre o progenitores, van a intentar que el culpable de la muerte de su hijo o hija tenga un castigo adem\u00e1s de reclamar la indemnizaci\u00f3n que legalmente establezca el baremo de accidente de tr\u00e1fico por la muerte de su hijo.<\/span><\/p><p>\u00a0<\/p><p><span style=\"font-weight: 400;\">En primer lugar se activar\u00e1 el procedimiento penal mediante una denuncia ante la polic\u00eda competente en Barcelona o en cualquier punto del pa\u00eds. Pero, sobre todo, con la <\/span><b>comparecencia como acusaci\u00f3n particular<\/b><span style=\"font-weight: 400;\">, para evitar que el fiscal y el abogado de la defensa, de la persona presuntamente culpable del fallecimiento de nuestro ser querido, puedan llegar a un acuerdo y escapar sin castigo.<\/span><\/p><p>\u00a0<\/p><p><span style=\"font-weight: 400;\">La indemnizaci\u00f3n por el accidente de tr\u00e1fico y el tema penal se reclamar\u00e1n en el mismo procedimiento en el juzgado de lo penal, habremos de estudiar el caso de forma muy minuciosa y mediante el equipo de profesionales que componen este despacho, intentar dilucidar si existen indicios suficientes de delito para imputar un delito al responsable de la muerte del hijo de nuestro cliente.<\/span><\/p><p>\u00a0<\/p><p><span style=\"font-weight: 400;\">En el supuesto de que la polic\u00eda decidiera que no existe delito, siempre existir\u00e1 la posibilidad de impugnar, aportando alg\u00fan tipo de prueba de la existencia de un delito de homicidio imprudente o por ejemplo un delito de la omisi\u00f3n del deber de socorro, pero en todo caso, s\u00f3lo podemos impugnar si hemos comparecido como acusaci\u00f3n particular, por ello, hemos de realizar todas esas gestiones de forma urgente cuando ocurren estas desgracias.\u00a0<\/span><\/p><p>\u00a0<\/p><p><span style=\"font-weight: 400;\">Este despacho est\u00e1 especializado en accidentes de tr\u00e1fico y en derecho penal, con m\u00e1s de 20 a\u00f1os de experiencia por lo que estamos plenamente capacitados para darle el mejor asesoramiento en accidentes de tr\u00e1fico y derecho penal.<\/span><\/p><p>\u00a0<\/p><p><span style=\"font-weight: 400;\">De igual forma, si no existiera ning\u00fan indicio de la comisi\u00f3n de un delito podr\u00edamos acudir a la v\u00eda civil para reclamar la indemnizaci\u00f3n por la muerte del descendiente de nuestro cliente.<\/span><\/p>\t\t\t\t\t\t\t\t<\/div>\n\t\t\t\t<\/div>\n\t\t\t\t<div class=\"elementor-element elementor-element-9cc42d0 elementor-widget elementor-widget-heading\" data-id=\"9cc42d0\" data-element_type=\"widget\" data-e-type=\"widget\" data-widget_type=\"heading.default\">\n\t\t\t\t<div class=\"elementor-widget-container\">\n\t\t\t\t\t<h3 class=\"elementor-heading-title elementor-size-default\">Preguntas Frecuentes sobre Indemnizaci\u00f3n por muerte en un accidente de tr\u00e1fico<\/h3>\t\t\t\t<\/div>\n\t\t\t\t<\/div>\n\t\t\t\t<div class=\"elementor-element elementor-element-550e923 elementor-widget elementor-widget-toggle\" data-id=\"550e923\" data-element_type=\"widget\" data-e-type=\"widget\" data-widget_type=\"toggle.default\">\n\t\t\t\t<div class=\"elementor-widget-container\">\n\t\t\t\t\t\t\t<div class=\"elementor-toggle\">\n\t\t\t\t\t\t\t<div class=\"elementor-toggle-item\">\n\t\t\t\t\t<div id=\"elementor-tab-title-8911\" class=\"elementor-tab-title\" data-tab=\"1\" role=\"button\" aria-controls=\"elementor-tab-content-8911\" aria-expanded=\"false\">\n\t\t\t\t\t\t\t\t\t\t\t\t<span class=\"elementor-toggle-icon elementor-toggle-icon-left\" aria-hidden=\"true\">\n\t\t\t\t\t\t\t\t\t\t\t\t\t\t\t<span class=\"elementor-toggle-icon-closed\"><i class=\"fas fa-caret-right\"><\/i><\/span>\n\t\t\t\t\t\t\t\t<span class=\"elementor-toggle-icon-opened\"><i class=\"elementor-toggle-icon-opened fas fa-caret-up\"><\/i><\/span>\n\t\t\t\t\t\t\t\t\t\t\t\t\t<\/span>\n\t\t\t\t\t\t\t\t\t\t\t\t<a class=\"elementor-toggle-title\" tabindex=\"0\">\u00bfQui\u00e9n es el que recibe la indemnizaci\u00f3n por muerte de accidente de tr\u00e1fico?<\/a>\n\t\t\t\t\t<\/div>\n\n\t\t\t\t\t<div id=\"elementor-tab-content-8911\" class=\"elementor-tab-content elementor-clearfix\" data-tab=\"1\" role=\"region\" aria-labelledby=\"elementor-tab-title-8911\"><p>Tienen\u00a0derecho a recibir una indemnizaci\u00f3n\u00a0las v\u00edctimas\u00a0de\u00a0un\u00a0accidente de\u00a0tr\u00e1fico: c\u00f3nyuge,\u00a0viudo,\u00a0ancianos,\u00a0descendientes, hermanos y\u00a0parientes pr\u00f3ximos.<\/p><\/div>\n\t\t\t\t<\/div>\n\t\t\t\t\t\t\t\t\t\t<script type=\"application\/ld+json\">{\"@context\":\"https:\\\/\\\/schema.org\",\"@type\":\"FAQPage\",\"mainEntity\":[{\"@type\":\"Question\",\"name\":\"\\u00bfQui\\u00e9n es el que recibe la indemnizaci\\u00f3n por muerte de accidente de tr\\u00e1fico?\",\"acceptedAnswer\":{\"@type\":\"Answer\",\"text\":\"<p>Tienen\\u00a0derecho a recibir una indemnizaci\\u00f3n\\u00a0las v\\u00edctimas\\u00a0de\\u00a0un\\u00a0accidente de\\u00a0tr\\u00e1fico: c\\u00f3nyuge,\\u00a0viudo,\\u00a0ancianos,\\u00a0descendientes, hermanos y\\u00a0parientes pr\\u00f3ximos.<\\\/p>\"}}]}<\/script>\n\t\t\t\t\t<\/div>\n\t\t\t\t\t\t<\/div>\n\t\t\t\t<\/div>\n\t\t\t\t\t<\/div>\n\t\t<\/div>\n\t\t\t\t<div class=\"elementor-column elementor-col-50 elementor-top-column elementor-element elementor-element-92b2369\" data-id=\"92b2369\" data-element_type=\"column\" data-e-type=\"column\">\n\t\t\t<div class=\"elementor-widget-wrap\">\n\t\t\t\t\t\t\t<\/div>\n\t\t<\/div>\n\t\t\t\t\t<\/div>\n\t\t<\/section>\n\t\t\t\t<\/div>\n\t\t","protected":false},"excerpt":{"rendered":"<p>Inicio \u00bfNecesitas reclamar una indemnizaci\u00f3n por muerte en un accidente de tr\u00e1fico? Cuando alguien fallece se ha de actuar r\u00e1pido e intentar buscar a un despacho de abogados especializado en accidentes de tr\u00e1fico, nosotros hemos llevado en muchas ocasiones temas de accidentes por muertes e incapacidades y le podemos ayudar. \u00a0 Existen multitud de actuaciones [&hellip;]<\/p>\n","protected":false},"author":2,"featured_media":0,"parent":1341,"menu_order":0,"comment_status":"closed","ping_status":"closed","template":"","meta":{"footnotes":""},"class_list":["post-1208","page","type-page","status-publish","hentry"],"_links":{"self":[{"href":"https:\/\/accidentedetrafico.com\/en\/wp-json\/wp\/v2\/pages\/1208","targetHints":{"allow":["GET"]}}],"collection":[{"href":"https:\/\/accidentedetrafico.com\/en\/wp-json\/wp\/v2\/pages"}],"about":[{"href":"https:\/\/accidentedetrafico.com\/en\/wp-json\/wp\/v2\/types\/page"}],"author":[{"embeddable":true,"href":"https:\/\/accidentedetrafico.com\/en\/wp-json\/wp\/v2\/users\/2"}],"replies":[{"embeddable":true,"href":"https:\/\/accidentedetrafico.com\/en\/wp-json\/wp\/v2\/comments?post=1208"}],"version-history":[{"count":23,"href":"https:\/\/accidentedetrafico.com\/en\/wp-json\/wp\/v2\/pages\/1208\/revisions"}],"predecessor-version":[{"id":1421,"href":"https:\/\/accidentedetrafico.com\/en\/wp-json\/wp\/v2\/pages\/1208\/revisions\/1421"}],"up":[{"embeddable":true,"href":"https:\/\/accidentedetrafico.com\/en\/wp-json\/wp\/v2\/pages\/1341"}],"wp:attachment":[{"href":"https:\/\/accidentedetrafico.com\/en\/wp-json\/wp\/v2\/media?parent=1208"}],"curies":[{"name":"wp","href":"https:\/\/api.w.org\/{rel}","templated":true}]}}