{"id":510,"date":"2020-07-15T21:11:27","date_gmt":"2020-07-15T21:11:27","guid":{"rendered":"https:\/\/accidentedetrafico.com\/?page_id=510"},"modified":"2022-11-15T12:48:38","modified_gmt":"2022-11-15T11:48:38","slug":"quienes-somos","status":"publish","type":"page","link":"https:\/\/accidentedetrafico.com\/ca\/els-qui-som\/","title":{"rendered":"Qui som"},"content":{"rendered":"<div data-elementor-type=\"wp-page\" data-elementor-id=\"510\" class=\"elementor elementor-510\">\n\t\t\t\t\t\t<section class=\"elementor-section elementor-top-section elementor-element elementor-element-7132cc6 elementor-section-boxed elementor-section-height-default elementor-section-height-default\" data-id=\"7132cc6\" data-element_type=\"section\" data-e-type=\"section\" data-settings=\"{&quot;background_background&quot;:&quot;classic&quot;}\">\n\t\t\t\t\t\t\t<div class=\"elementor-background-overlay\"><\/div>\n\t\t\t\t\t\t\t<div class=\"elementor-container elementor-column-gap-default\">\n\t\t\t\t\t<div class=\"elementor-column elementor-col-100 elementor-top-column elementor-element elementor-element-dc6fdc1\" data-id=\"dc6fdc1\" data-element_type=\"column\" data-e-type=\"column\">\n\t\t\t<div class=\"elementor-widget-wrap elementor-element-populated\">\n\t\t\t\t\t\t<div class=\"elementor-element elementor-element-f3f3676 elementor-widget elementor-widget-heading\" data-id=\"f3f3676\" data-element_type=\"widget\" data-e-type=\"widget\" data-widget_type=\"heading.default\">\n\t\t\t\t<div class=\"elementor-widget-container\">\n\t\t\t\t\t<h1 class=\"elementor-heading-title elementor-size-default\">Sobre nosaltres<\/h1>\t\t\t\t<\/div>\n\t\t\t\t<\/div>\n\t\t\t\t\t<\/div>\n\t\t<\/div>\n\t\t\t\t\t<\/div>\n\t\t<\/section>\n\t\t\t\t<section class=\"elementor-section elementor-top-section elementor-element elementor-element-c9f2d05 elementor-section-boxed elementor-section-height-default elementor-section-height-default\" data-id=\"c9f2d05\" data-element_type=\"section\" data-e-type=\"section\">\n\t\t\t\t\t\t<div class=\"elementor-container elementor-column-gap-default\">\n\t\t\t\t\t<div class=\"elementor-column elementor-col-50 elementor-top-column elementor-element elementor-element-785aa1b\" data-id=\"785aa1b\" data-element_type=\"column\" data-e-type=\"column\">\n\t\t\t<div class=\"elementor-widget-wrap elementor-element-populated\">\n\t\t\t\t\t\t<div class=\"elementor-element elementor-element-d99684b elementor-widget elementor-widget-image\" data-id=\"d99684b\" data-element_type=\"widget\" data-e-type=\"widget\" data-widget_type=\"image.default\">\n\t\t\t\t<div class=\"elementor-widget-container\">\n\t\t\t\t\t\t\t\t\t\t\t\t\t\t\t<img fetchpriority=\"high\" decoding=\"async\" width=\"800\" height=\"533\" src=\"https:\/\/accidentedetrafico.com\/wp-content\/uploads\/2022\/07\/abogado-experto-accidente-trafico-barcelona.jpg\" class=\"attachment-large size-large wp-image-663\" alt=\"\" srcset=\"https:\/\/accidentedetrafico.com\/wp-content\/uploads\/2022\/07\/abogado-experto-accidente-trafico-barcelona.jpg 1200w, https:\/\/accidentedetrafico.com\/wp-content\/uploads\/2022\/07\/abogado-experto-accidente-trafico-barcelona-600x400.jpg 600w, https:\/\/accidentedetrafico.com\/wp-content\/uploads\/2022\/07\/abogado-experto-accidente-trafico-barcelona-768x512.jpg 768w\" sizes=\"(max-width: 800px) 100vw, 800px\" \/>\t\t\t\t\t\t\t\t\t\t\t\t\t\t\t<\/div>\n\t\t\t\t<\/div>\n\t\t\t\t\t<\/div>\n\t\t<\/div>\n\t\t\t\t<div class=\"elementor-column elementor-col-50 elementor-top-column elementor-element elementor-element-78cd6f9\" data-id=\"78cd6f9\" data-element_type=\"column\" data-e-type=\"column\">\n\t\t\t<div class=\"elementor-widget-wrap elementor-element-populated\">\n\t\t\t\t\t\t<div class=\"elementor-element elementor-element-b5f6736 elementor-widget-divider--view-line_text elementor-widget-divider--element-align-right elementor-invisible elementor-widget elementor-widget-divider\" data-id=\"b5f6736\" data-element_type=\"widget\" data-e-type=\"widget\" data-settings=\"{&quot;_animation&quot;:&quot;fadeInUp&quot;}\" data-widget_type=\"divider.default\">\n\t\t\t\t<div class=\"elementor-widget-container\">\n\t\t\t\t\t\t\t<div class=\"elementor-divider\">\n\t\t\t<span class=\"elementor-divider-separator\">\n\t\t\t\t\t\t\t<span class=\"elementor-divider__text elementor-divider__element\">\n\t\t\t\tQui som?\t\t\t\t<\/span>\n\t\t\t\t\t\t<\/span>\n\t\t<\/div>\n\t\t\t\t\t\t<\/div>\n\t\t\t\t<\/div>\n\t\t\t\t<div class=\"elementor-element elementor-element-f83434e elementor-widget elementor-widget-heading\" data-id=\"f83434e\" data-element_type=\"widget\" data-e-type=\"widget\" data-widget_type=\"heading.default\">\n\t\t\t\t<div class=\"elementor-widget-container\">\n\t\t\t\t\t<h2 class=\"elementor-heading-title elementor-size-default\">Coneix-nos<\/h2>\t\t\t\t<\/div>\n\t\t\t\t<\/div>\n\t\t\t\t<div class=\"elementor-element elementor-element-d1d64ae elementor-widget elementor-widget-text-editor\" data-id=\"d1d64ae\" data-element_type=\"widget\" data-e-type=\"widget\" data-widget_type=\"text-editor.default\">\n\t\t\t\t<div class=\"elementor-widget-container\">\n\t\t\t\t\t\t\t\t\t<p>Masramon Abogados es un despacho de abogados especializado en accidentes de tr\u00e1fico y reclamaci\u00f3n de indemnizaciones en temas de responsabilidad civil, se fund\u00f3 en Barcelona en el a\u00f1o 1998 por el abogado Borja Masramon Carmona, y hemos reclamado durante todos estos a\u00f1os miles de indemnizaciones por temas relacionados con accidentes de tr\u00e1fico, accidentes laborales, otros tipos de accidentes o negligencias m\u00e9dicas. \u00a0<\/p>\n<p>El Despacho de abogados est\u00e1 en Barcelona, pero en supuestos graves nos desplazamos, y nos desplazamos sin ning\u00fan coste para el accidentado o sus familiares por toda Espa\u00f1a.<\/p>\n<p>Durante muchos a\u00f1os hemos defendido los intereses de personas que han sufrido accidentes de tr\u00e1fico de todo tipo, por lo que, aunque su caso pueda parecer muy complicado seguramente hemos defendido temas similares.<\/p>\t\t\t\t\t\t\t\t<\/div>\n\t\t\t\t<\/div>\n\t\t\t\t<div class=\"elementor-element elementor-element-dc617aa elementor-widget-divider--view-line elementor-widget elementor-widget-divider\" data-id=\"dc617aa\" data-element_type=\"widget\" data-e-type=\"widget\" data-widget_type=\"divider.default\">\n\t\t\t\t<div class=\"elementor-widget-container\">\n\t\t\t\t\t\t\t<div class=\"elementor-divider\">\n\t\t\t<span class=\"elementor-divider-separator\">\n\t\t\t\t\t\t<\/span>\n\t\t<\/div>\n\t\t\t\t\t\t<\/div>\n\t\t\t\t<\/div>\n\t\t\t\t\t<\/div>\n\t\t<\/div>\n\t\t\t\t\t<\/div>\n\t\t<\/section>\n\t\t\t\t<section class=\"elementor-section elementor-top-section elementor-element elementor-element-303d59e elementor-section-boxed elementor-section-height-default elementor-section-height-default\" data-id=\"303d59e\" data-element_type=\"section\" data-e-type=\"section\">\n\t\t\t\t\t\t<div class=\"elementor-container elementor-column-gap-no\">\n\t\t\t\t\t<div class=\"elementor-column elementor-col-100 elementor-top-column elementor-element elementor-element-5854790\" data-id=\"5854790\" data-element_type=\"column\" data-e-type=\"column\">\n\t\t\t<div class=\"elementor-widget-wrap elementor-element-populated\">\n\t\t\t\t\t\t<section class=\"elementor-section elementor-inner-section elementor-element elementor-element-62d0c61 elementor-section-height-min-height elementor-section-boxed elementor-section-height-default\" data-id=\"62d0c61\" data-element_type=\"section\" data-e-type=\"section\" data-settings=\"{&quot;background_background&quot;:&quot;classic&quot;}\">\n\t\t\t\t\t\t\t<div class=\"elementor-background-overlay\"><\/div>\n\t\t\t\t\t\t\t<div class=\"elementor-container elementor-column-gap-default\">\n\t\t\t\t\t<div class=\"elementor-column elementor-col-100 elementor-inner-column elementor-element elementor-element-4fc1f46\" data-id=\"4fc1f46\" data-element_type=\"column\" data-e-type=\"column\">\n\t\t\t<div class=\"elementor-widget-wrap elementor-element-populated\">\n\t\t\t\t\t\t<div class=\"elementor-element elementor-element-f44652b elementor-widget elementor-widget-heading\" data-id=\"f44652b\" data-element_type=\"widget\" data-e-type=\"widget\" data-widget_type=\"heading.default\">\n\t\t\t\t<div class=\"elementor-widget-container\">\n\t\t\t\t\t<h1 class=\"elementor-heading-title elementor-size-default\">Heu tingut un accident de tr\u00e0nsit?\n<\/h1>\t\t\t\t<\/div>\n\t\t\t\t<\/div>\n\t\t\t\t<div class=\"elementor-element elementor-element-e8b88ea elementor-align-center elementor-widget elementor-widget-button\" data-id=\"e8b88ea\" data-element_type=\"widget\" data-e-type=\"widget\" data-widget_type=\"button.default\">\n\t\t\t\t<div class=\"elementor-widget-container\">\n\t\t\t\t\t\t\t\t\t<div class=\"elementor-button-wrapper\">\n\t\t\t\t\t<a class=\"elementor-button elementor-button-link elementor-size-sm elementor-animation-grow\" href=\"\/contacto\">\n\t\t\t\t\t\t<span class=\"elementor-button-content-wrapper\">\n\t\t\t\t\t\t\t\t\t<span class=\"elementor-button-text\">Contacta amb nosaltres<\/span>\n\t\t\t\t\t<\/span>\n\t\t\t\t\t<\/a>\n\t\t\t\t<\/div>\n\t\t\t\t\t\t\t\t<\/div>\n\t\t\t\t<\/div>\n\t\t\t\t\t<\/div>\n\t\t<\/div>\n\t\t\t\t\t<\/div>\n\t\t<\/section>\n\t\t\t\t\t<\/div>\n\t\t<\/div>\n\t\t\t\t\t<\/div>\n\t\t<\/section>\n\t\t\t\t<section class=\"elementor-section elementor-top-section elementor-element elementor-element-4271d53 elementor-section-boxed elementor-section-height-default elementor-section-height-default\" data-id=\"4271d53\" data-element_type=\"section\" data-e-type=\"section\">\n\t\t\t\t\t\t<div class=\"elementor-container elementor-column-gap-default\">\n\t\t\t\t\t<div class=\"elementor-column elementor-col-100 elementor-top-column elementor-element elementor-element-020e308\" data-id=\"020e308\" data-element_type=\"column\" data-e-type=\"column\">\n\t\t\t<div class=\"elementor-widget-wrap\">\n\t\t\t\t\t\t\t<\/div>\n\t\t<\/div>\n\t\t\t\t\t<\/div>\n\t\t<\/section>\n\t\t\t\t<\/div>","protected":false},"excerpt":{"rendered":"<p>Inicio Sobre nosotros \u00bfQui\u00e9nes somos? Con\u00f3cenos Masramon Abogados es un despacho de abogados especializado en accidentes de tr\u00e1fico y reclamaci\u00f3n de indemnizaciones en temas de responsabilidad civil, se fund\u00f3 en Barcelona en el a\u00f1o 1998 por el abogado Borja Masramon Carmona, y hemos reclamado durante todos estos a\u00f1os miles de indemnizaciones por temas relacionados con [&hellip;]<\/p>\n","protected":false},"author":1,"featured_media":0,"parent":0,"menu_order":0,"comment_status":"closed","ping_status":"closed","template":"","meta":{"footnotes":""},"class_list":["post-510","page","type-page","status-publish","hentry"],"_links":{"self":[{"href":"https:\/\/accidentedetrafico.com\/ca\/wp-json\/wp\/v2\/pages\/510","targetHints":{"allow":["GET"]}}],"collection":[{"href":"https:\/\/accidentedetrafico.com\/ca\/wp-json\/wp\/v2\/pages"}],"about":[{"href":"https:\/\/accidentedetrafico.com\/ca\/wp-json\/wp\/v2\/types\/page"}],"author":[{"embeddable":true,"href":"https:\/\/accidentedetrafico.com\/ca\/wp-json\/wp\/v2\/users\/1"}],"replies":[{"embeddable":true,"href":"https:\/\/accidentedetrafico.com\/ca\/wp-json\/wp\/v2\/comments?post=510"}],"version-history":[{"count":17,"href":"https:\/\/accidentedetrafico.com\/ca\/wp-json\/wp\/v2\/pages\/510\/revisions"}],"predecessor-version":[{"id":1400,"href":"https:\/\/accidentedetrafico.com\/ca\/wp-json\/wp\/v2\/pages\/510\/revisions\/1400"}],"wp:attachment":[{"href":"https:\/\/accidentedetrafico.com\/ca\/wp-json\/wp\/v2\/media?parent=510"}],"curies":[{"name":"wp","href":"https:\/\/api.w.org\/{rel}","templated":true}]}}