{"id":1336,"date":"2022-11-10T10:19:38","date_gmt":"2022-11-10T09:19:38","guid":{"rendered":"https:\/\/accidentedetrafico.com\/?page_id=1336"},"modified":"2022-11-10T10:19:39","modified_gmt":"2022-11-10T09:19:39","slug":"aviso-legal","status":"publish","type":"page","link":"https:\/\/accidentedetrafico.com\/ca\/avis-legal\/","title":{"rendered":"Av\u00eds legal"},"content":{"rendered":"<h2>Identificaci\u00f3 i Titularitat<\/h2>\n\n<p>\n\t\tEn compliment de l&#039;article 10 de la Llei 34\/2002, d&#039;11 de juliol, de serveis de la Societat de la Informaci\u00f3 i Comer\u00e7 Electr\u00f2nic, el Titular exposa les seves dades identificatives:\n<\/p>\n\n<p>\n\t<ul>\t\t\n\t\t<li>\n\t\t\t<b>Titular:<\/b>&nbsp;\t\t\n\t\t\tAccidentdetrafic.com.\n\t\t\t\n\t\t<\/li>\n\t\t\n\n\n\t\t<li>\n\t\t\t<b>Domicili:<\/b>&nbsp;\n\t\t\t C. de N\u00e0pols, 193, 08013 Barcelona,  Barcelona - Espanya.\n\t\t<\/li>\n\t\t\n\t\t<li>\n\t\t\t<b>Correu electr\u00f2nic:<\/b>&nbsp;\n\t\t\tcontacto@accidentedetrafico.com\n\t\t<\/li>\n\t\t\n\t\t<li>\n\t\t\t<b>Tel\u00e8fon de contacte:<\/b>&nbsp;\n\t\t\t933 630 446\n\t\t<\/li>\n\n\t\t<li>\n\t\t\t<b>Lloc Web:<\/b>&nbsp;\n\t\t\t<a href=\"https:\/\/accidentedetrafico.com\">https:\/\/accidentedetrafico.com<\/a>\n\t\t<\/li>\n\t<\/ul>\n<\/p>\n\n<h2>Finalitat<\/h2>\n<p>\n\tLa finalitat del Lloc Web \u00e9s: Servicios legales.\t\n<\/p>\n\n\n<h2>Condicions d&#039;\u00das<\/h2>\n<p>\n\tLa utilitzaci\u00f3 del Lloc Web us atorga la condici\u00f3 d&#039;Usuari, i implica l&#039;acceptaci\u00f3 completa de totes les cl\u00e0usules i condicions d&#039;\u00fas incloses en les p\u00e0gines:\n\t<ul>\t\t\n\t\t<li><a href=\"https:\/\/accidentedetrafico.com\/ca\/avis-legal\/\">Av\u00eds Legal<\/a><\/li>\n\t\t\n\t\t\n\t<\/ul>\t\n<\/p>\n\n<p>\n\tSi no esteu d&#039;acord amb totes i cadascuna d&#039;aquestes cl\u00e0usules i condicions, abstingueu-vos d&#039;utilitzar el Lloc Web.\n<\/p>\n\n<p>\t\n\tL&#039;acc\u00e9s al Lloc Web no suposa, de cap manera, l&#039;inici d&#039;una relaci\u00f3 comercial amb el Titular.\n<\/p>\n\n<p>\t\n\tA trav\u00e9s del Lloc Web, el Titular us facilita l&#039;acc\u00e9s i la utilitzaci\u00f3 de diversos continguts que el Titular i\/o els seus col\u00b7laboradors han publicat per mitj\u00e0 d&#039;Internet.\n<\/p>\n\n<p>\n\tA aquest efecte, est\u00e0 obligat i comprom\u00e8s a NO utilitzar qualsevol dels continguts del Lloc Web amb fins o efectes il\u00b7l\u00edcits, prohibits en aquest Av\u00eds Legal o per la legislaci\u00f3 vigent, lesius dels drets i interessos de tercers, o que de qualsevol manera puguin danyar, inutilitzar, sobrecarregar, deteriorar o impedir la normal utilitzaci\u00f3 dels continguts, els equips inform\u00e0tics propis o contractats pel Titular, altres usuaris o de qualsevol usuari d&#039;Internet.\n<\/p>\n\n\n\n\n\n\n<h2>Mesures de seguretat<\/h2>\n<p>\n\tLes dades personals que faciliti al Titular poden ser emmagatzemades en bases de dades automatitzades o no, la titularitat de les quals correspon en exclusiva al Titular, que assumeix totes les mesures d&#039;\u00edndole t\u00e8cnica, organitzativa i de seguretat que garanteixen la confidencialitat, integritat i qualitat de la informaci\u00f3 continguda en aquestes, d&#039;acord amb el que estableix la normativa vigent en protecci\u00f3 de dades.\n<\/p>\n<p>\n\tNo obstant aix\u00f2, ha de ser conscient que les mesures de seguretat dels sistemes inform\u00e0tics a Internet no s\u00f3n enterament fiables i que, per tant, el Titular no pot garantir la inexist\u00e8ncia de virus o altres elements que puguin produir alteracions en els sistemes inform\u00e0tics (software i hardware) de l&#039;Usuari o en els seus documents electr\u00f2nics i fitxers continguts en aquests, encara que el Titular hi posa tots els elements nocius.\n<\/p>\n\n\n\n<h2>Continguts<\/h2>\n<p>\n\tEl Titular ha obtingut la informaci\u00f3, el contingut multim\u00e8dia i els materials inclosos en el Lloc Web de fonts que considera fiables, per\u00f2 si b\u00e9 ha pres totes les mesures raonables per assegurar que la informaci\u00f3 continguda \u00e9s correcta, el Titular no garanteix que sigui exacta, completa o actualitzada. El Titular declina expressament qualsevol responsabilitat per error o omissi\u00f3 en la informaci\u00f3 continguda a les p\u00e0gines del Lloc Web.\n<\/p>\n\n<p>\n\tQueda prohibit transmetre o enviar a trav\u00e9s del Lloc Web qualsevol contingut il\u00b7legal o il\u00b7l\u00edcit, virus inform\u00e0tics, o missatges que, en general, afectin o violin drets del Titular o de tercers.\n<\/p>\n\n<p>\n\tEls continguts del Lloc Web tenen \u00fanicament una finalitat informativa i sota cap circumst\u00e0ncia s&#039;han d&#039;usar ni considerar com a oferta de venda, sol\u00b7licitud d&#039;una oferta de compra ni recomanaci\u00f3 per fer qualsevol altra operaci\u00f3, llevat que aix\u00ed s&#039;indiqui expressament.\n<\/p>\n\n<p>\n\tEl Titular es reserva el dret a modificar, suspendre, cancel\u00b7lar o restringir el contingut del Lloc Web, els enlla\u00e7os o la informaci\u00f3 obtinguda a trav\u00e9s del Lloc Web, sense necessitat de previ av\u00eds.\n<\/p>\n\n<p>\n\tEl Titular no \u00e9s responsable dels danys i perjudicis que poguessin derivar-se de la utilitzaci\u00f3 de la informaci\u00f3 del Lloc Web.\n<\/p>\n\n\n<h2>Pol\u00edtica de cookies<\/h2>\n<p>\n\tEl Titular obt\u00e9 i conserva la informaci\u00f3 seg\u00fcent sobre els visitants del Lloc Web:\n<\/p>\n<p>\n\t<ul>\n\t\t<li>El nom de domini del prove\u00efdor (PSI) i\/o adre\u00e7a IP que els dona acc\u00e9s a la xarxa.<\/li>\n\t\t<li>Data i hora d&#039;acc\u00e9s al lloc web.<\/li>\n\t\t<li>L&#039;adre\u00e7a d&#039;Internet origen de l&#039;enlla\u00e7 que dirigeix \u200b\u200bal lloc web.<\/li>\n\t\t<li>El nombre de visitants diaris de cada secci\u00f3.<\/li>\n\t\t<li>La informaci\u00f3 obtinguda \u00e9s totalment an\u00f2nima, i en cap cas no pot ser associada a un Usuari concret i identificat.<\/li>\n\t<\/ul>\n<\/p>\n\n\n<h2>Enlla\u00e7os a altres llocs web<\/h2>\n<p>\n\tEl Titular pot proporcionar-li acc\u00e9s a llocs web de tercers mitjan\u00e7ant enlla\u00e7os amb la finalitat exclusiva d&#039;informar sobre l&#039;exist\u00e8ncia d&#039;altres fonts d&#039;informaci\u00f3 a Internet, on podr\u00e0 ampliar les dades ofertes al Lloc Web.\n<\/p>\n\n<p>\t\n\tAquests enlla\u00e7os a altres llocs web no suposen en cap cas un suggeriment o recomanaci\u00f3 perqu\u00e8 visiteu les p\u00e0gines web de destinaci\u00f3, que estan fora del control del Titular, per la qual cosa el Titular no \u00e9s responsable del contingut dels llocs web vinculats ni del resultat que obtingui en seguir els enlla\u00e7os.\n\tAix\u00ed mateix, el Titular no respon dels links o enlla\u00e7os ubicats als llocs web vinculats als quals li proporciona acc\u00e9s.\n<\/p>\n\n<p>\n\tL&#039;establiment de l&#039;enlla\u00e7 no implica en cap cas l&#039;exist\u00e8ncia de relacions entre el titular i el propietari del lloc on s&#039;estableixi l&#039;enlla\u00e7, ni l&#039;acceptaci\u00f3 o l&#039;aprovaci\u00f3 per part del titular dels seus continguts o serveis.\n<\/p>\n\n<p>\t\n\tSi accediu a un lloc web extern des d&#039;un enlla\u00e7 que trobeu al Lloc Web, heu de llegir la pol\u00edtica de privacitat mateixa de l&#039;altre lloc web, que pot ser diferent de la d&#039;aquest lloc web.\n<\/p>\n\n\n\n<h2>Propietat intel\u00b7lectual i industrial<\/h2>\n<p>\n\tTots els drets estan reservats.\n<\/p>\n<p>\n\tTot acc\u00e9s a aquest Lloc Web est\u00e0 subjecte a les condicions seg\u00fcents: la reproducci\u00f3, emmagatzematge permanent i la difusi\u00f3 dels continguts o qualsevol altre \u00fas que tingui finalitat p\u00fablica o comercial queda expressament prohibida sense el consentiment previ expr\u00e9s i per escrit del Titular.\n<\/p>\n\n\n<h2>Limitaci\u00f3 de responsabilitat<\/h2>\n<p>\n\tEl Titular declina qualsevol responsabilitat en cas que hi hagi interrupcions o un mal funcionament dels serveis o continguts oferts a Internet, sigui quina sigui la seva causa. Aix\u00ed mateix, el Titular no es fa responsable per caigudes de la xarxa, p\u00e8rdues de negoci a conseq\u00fc\u00e8ncia de les caigudes esmentades, suspensions temporals de fluid el\u00e8ctric o qualsevol altre tipus de dany indirecte que et pugui ser causat per causes alienes al Titular.\n<\/p>\n<p>\n\tAbans de prendre decisions i\/o accions, segons la informaci\u00f3 inclosa en el Lloc Web, el Titular us recomana comprovar i contrastar la informaci\u00f3 rebuda amb altres fonts.\n<\/p>\n\n\n\n<h2>Jurisdicci\u00f3<\/h2>\n<p>\t\n\tAquest Av\u00eds Legal es regeix \u00edntegrament per la legislaci\u00f3 espanyola.\n<\/p>\n\n\n<h2>Contacte<\/h2>\n<p>\t\n\tEn cas que tingueu qualsevol dubte sobre aquest Av\u00eds Legal o vulgueu realitzar qualsevol comentari sobre el Lloc Web, podeu enviar un missatge de correu electr\u00f2nic a l&#039;adre\u00e7a: contacto@accidentedetrafico.com\n<\/p>","protected":false},"excerpt":{"rendered":"<p>Identificaci\u00f3 i Titularitat En compliment de l&#039;article 10 de la Llei 34\/2002, d&#039;11 de juliol, de serveis de la Societat de la Informaci\u00f3 i Comer\u00e7 Electr\u00f2nic, el Titular exposa les seves dades identificatives: Titular:&nbsp; Accidentedetrafico.com. Domicili:&nbsp; C. de N\u00e0pols, 193, 08013 Barcelona, Barcelona &#8211; Espanya. Correu electr\u00f2nic:&nbsp; contacto@accidentedetrafico.com Tel\u00e8fon de contacte:&nbsp; 933 630 446 Lloc [&hellip;]<\/p>\n","protected":false},"author":2,"featured_media":0,"parent":0,"menu_order":0,"comment_status":"closed","ping_status":"closed","template":"","meta":{"footnotes":""},"class_list":["post-1336","page","type-page","status-publish","hentry"],"_links":{"self":[{"href":"https:\/\/accidentedetrafico.com\/ca\/wp-json\/wp\/v2\/pages\/1336","targetHints":{"allow":["GET"]}}],"collection":[{"href":"https:\/\/accidentedetrafico.com\/ca\/wp-json\/wp\/v2\/pages"}],"about":[{"href":"https:\/\/accidentedetrafico.com\/ca\/wp-json\/wp\/v2\/types\/page"}],"author":[{"embeddable":true,"href":"https:\/\/accidentedetrafico.com\/ca\/wp-json\/wp\/v2\/users\/2"}],"replies":[{"embeddable":true,"href":"https:\/\/accidentedetrafico.com\/ca\/wp-json\/wp\/v2\/comments?post=1336"}],"version-history":[{"count":1,"href":"https:\/\/accidentedetrafico.com\/ca\/wp-json\/wp\/v2\/pages\/1336\/revisions"}],"predecessor-version":[{"id":1337,"href":"https:\/\/accidentedetrafico.com\/ca\/wp-json\/wp\/v2\/pages\/1336\/revisions\/1337"}],"wp:attachment":[{"href":"https:\/\/accidentedetrafico.com\/ca\/wp-json\/wp\/v2\/media?parent=1336"}],"curies":[{"name":"wp","href":"https:\/\/api.w.org\/{rel}","templated":true}]}}