{"id":1294,"date":"2022-11-10T09:43:05","date_gmt":"2022-11-10T08:43:05","guid":{"rendered":"https:\/\/accidentedetrafico.com\/mas-informacion-sobre-las-cookies\/"},"modified":"2022-11-10T09:58:34","modified_gmt":"2022-11-10T08:58:34","slug":"mas-informacion-sobre-las-cookies","status":"publish","type":"page","link":"https:\/\/accidentedetrafico.com\/ca\/mes-informacion-sobre-les-cookies\/","title":{"rendered":"M\u00e9s informaci\u00f3 sobre les cookies"},"content":{"rendered":"<h2>\u00bfQu\u00e9 es una cookie?<\/h2>\n<p>Una <em>galeta<\/em> \u00e9s un fitxer de text <b>inofensiu<\/b> que se almacena en su navegador cuando visita casi cualquier p\u00e1gina web. La utilidad de la <em>galeta<\/em> es que la web sea capaz de recordar su visita cuando vuelva a navegar por esa p\u00e1gina. Aunque mucha gente no lo sabe las <em>cookies<\/em> se llevan utilizando desde hace 20 a\u00f1os, cuando aparecieron los primeros navegadores para la World Wide Web.<\/p>\n<h2>\u00bfQu\u00e9 NO ES una cookie?<\/h2>\n<p>No \u00e9s un virus, ni un troi\u00e0, ni un cuc, ni spam, ni spyware, ni obre finestres pop-up.<\/p>\n<h2>\u00bfQu\u00e9 informaci\u00f3n almacena una <em>galeta<\/em>?<\/h2>\n<p>Les <em>cookies<\/em> no suelen almacenar informaci\u00f3n sensible sobre usted, como tarjetas de cr\u00e9dito o datos bancarios, fotograf\u00edas, su DNI o informaci\u00f3n personal, etc. Los datos que guardan son de car\u00e1cter t\u00e9cnico, preferencias personales, personalizaci\u00f3n de contenidos, etc.<\/p>\n<p>El servidor web no le asocia a usted como persona si no a su navegador web. De hecho, si usted navega habitualmente con Internet Explorer y prueba a navegar por la misma web con Firefox o Chrome ver\u00e1 que la web no se da cuenta que es usted la misma persona porque en realidad est\u00e1 asociando al navegador, no a la persona.<\/p>\n<h2>\u00bfQu\u00e9 tipo de <em>cookies<\/em> existeixen?<\/h2>\n<ul>\n<li><em>Cookies<\/em> t\u00e9cnicas: Son las m\u00e1s elementales y permiten, entre otras cosas, saber cu\u00e1ndo est\u00e1 navegando un humano o una aplicaci\u00f3n automatizada, cu\u00e1ndo navega un usuario an\u00f3nimo y uno registrado, tareas b\u00e1sicas para el funcionamiento de cualquier web din\u00e1mica.<\/li>\n<li><em>Cookies<\/em> de an\u00e1lisis: Recogen informaci\u00f3n sobre el tipo de navegaci\u00f3n que est\u00e1 realizando, las secciones que m\u00e1s utiliza, productos consultados, franja horaria de uso, idioma, etc.<\/li>\n<li><em>Cookies<\/em> publicitarias: Muestran publicidad en funci\u00f3n de su navegaci\u00f3n, su pa\u00eds de procedencia, idioma, etc.<\/li>\n<\/ul>\n<h2>\u00bfQu\u00e9 son las <em>cookies<\/em> pr\u00f2pies i les de tercers?<\/h2>\n<p>Les <em>cookies pr\u00f2pies<\/em> son las generadas por la p\u00e1gina que est\u00e1 visitando y las <em>de tercers<\/em> s\u00f3n les generades per serveis o prove\u00efdors externs com Facebook, Twitter, Google, etc.<\/p>\n<h2>\u00bfQu\u00e9 ocurre si desactivo las <em>cookies<\/em>?<\/h2>\n<p>Perqu\u00e8 entengui l&#039;abast que pot tenir desactivar les <em>cookies<\/em> us mostrem uns exemples:<\/p>\n<ul>\n<li>No podr\u00e1 compartir contenidos de esa web en Facebook, Twitter o cualquier otra red social.<\/li>\n<li>El sitio web no podr\u00e1 adaptar los contenidos a sus preferencias personales, como suele ocurrir en las tiendas online.<\/li>\n<li>No podr\u00e1 acceder al \u00e1rea personal de esa web, como por ejemplo <em>El meu compte<\/em>, o <em>El meu perfil<\/em> o <em>Les meves comandes<\/em>.<\/li>\n<li>Tiendas online: Le ser\u00e1 imposible realizar compras online, tendr\u00e1n que ser telef\u00f3nicas o visitando la tienda f\u00edsica si es que dispone de ella.<\/li>\n<li>No ser\u00e1 posible personalizar sus preferencias geogr\u00e1ficas como franja horaria, divisa o idioma.<\/li>\n<li>El sitio web no podr\u00e1 realizar anal\u00edticas web sobre visitantes y tr\u00e1fico en la web, lo que dificultar\u00e1 que la web sea competitiva.<\/li>\n<li>No podr\u00e1 escribir en el blog, no podr\u00e1 subir fotos, publicar comentarios, valorar o puntuar contenidos. La web tampoco podr\u00e1 saber si usted es un humano o una aplicaci\u00f3n automatizada que publica <em>spam<\/em>.<\/li>\n<li>No se podr\u00e1 mostrar publicidad sectorizada, lo que reducir\u00e1 los ingresos publicitarios de la web.<\/li>\n<li>Totes les xarxes socials usen <em>cookies<\/em>, si las desactiva no podr\u00e1 utilizar ninguna red social.<\/li>\n<\/ul>\n<h2>\u00bfSe pueden eliminar las <em>cookies<\/em>?<\/h2>\n<p>S\u00ed. No s\u00f3lo eliminar, tambi\u00e9n bloquear, de forma general o particular para un dominio espec\u00edfico.<\/p>\n<p>Per eliminar les <em>cookies<\/em> de un sitio web debe ir a la configuraci\u00f3n de su navegador y all\u00ed podr\u00e1 buscar las asociadas al dominio en cuesti\u00f3n y proceder a su eliminaci\u00f3n.<\/p>\n<h2 id=\"navegadores\">Configuraci\u00f3n de <em>cookies<\/em> para los navegadores m\u00e1s polulares<\/h2>\n<p>A continuaci\u00f3n le indicamos c\u00f3mo acceder a una <em>galeta<\/em> determinada del navegador <b>Chrome<\/b>. Nota: estos pasos pueden variar en funci\u00f3n de la versi\u00f3n del navegador:<\/p>\n<ol>\n<li>Vaya a Configuraci\u00f3n o Preferencias mediante el men\u00fa Archivo o bien pinchando el icono de personalizaci\u00f3n que aparece arriba a la derecha.<\/li>\n<li>Ver\u00e1 diferentes secciones, pinche la opci\u00f3n <em>Mostrar opcions avan\u00e7ades<\/em>.<\/li>\n<li>Aneu a <em>Privadesa<\/em>, <em>Configuraci\u00f3n de contenido<\/em>.<\/li>\n<li>Seleccioneu <em>Totes les <em>cookies<\/em> i les dades de llocs<\/em>.<\/li>\n<li>Aparecer\u00e1 un listado con todas las <em>cookies<\/em> ordenadas por dominio. Para que le sea m\u00e1s f\u00e1cil encontrar las <em>cookies<\/em> de un determinado dominio introduzca parcial o totalmente la direcci\u00f3n en el campo <em>Buscar cookies<\/em>.<\/li>\n<li>Tras realizar este filtro aparecer\u00e1n en pantalla una o varias l\u00edneas con las <em>cookies<\/em> de la web solicitada. Ahora s\u00f3lo tiene que seleccionarla y pulsar la <em>X<\/em> para proceder a su eliminaci\u00f3n.<\/li>\n<\/ol>\n<p>Para acceder a la configuraci\u00f3n de <em>cookies<\/em> del navegador <b>Internet Explorer<\/b> siga estos pasos (pueden variar en funci\u00f3n de la versi\u00f3n del navegador):<\/p>\n<ol>\n<li>Aneu a <em>Eines<\/em>, <em>Opcions d&#039;Internet<\/em><\/li>\n<li>Feu clic a <em>Privadesa<\/em>.<\/li>\n<li>Moveu el bot\u00f3 lliscant fins a ajustar el nivell de privadesa que vulgueu.<\/li>\n<\/ol>\n<p>Para acceder a la configuraci\u00f3n de <em>cookies<\/em> del navegador <b>Firefox<\/b> siga estos pasos (pueden variar en funci\u00f3n de la versi\u00f3n del navegador):<\/p>\n<ol>\n<li>Aneu a <em>Opcions<\/em> o <em>Prefer\u00e8ncies<\/em> seg\u00fan su sistema operativo.<\/li>\n<li>Feu clic a <em>Privadesa<\/em>.<\/li>\n<li>A <em>Historial<\/em> escolliu <em>Usar una configuraci\u00f3n personalizada para el historial<\/em>.<\/li>\n<li>Ahora ver\u00e1 la opci\u00f3n <em>Acceptar cookies<\/em>, puede activarla o desactivarla seg\u00fan sus preferencias.<\/li>\n<\/ol>\n<p>Para acceder a la configuraci\u00f3n de <em>cookies<\/em> del navegador <b>Safari per a OSX<\/b> siga estos pasos (pueden variar en funci\u00f3n de la versi\u00f3n del navegador):<\/p>\n<ol>\n<li>Aneu a <em>Prefer\u00e8ncies<\/em>, despr\u00e9s <em>Privadesa<\/em>.<\/li>\n<li>En este lugar ver\u00e1 la opci\u00f3n <em>Bloquejar galetes<\/em> perqu\u00e8 ajusteu el tipus de bloqueig que voleu realitzar.<\/li>\n<\/ol>\n<p>Para acceder a la configuraci\u00f3n de <em>cookies<\/em> del navegador <b>Safari per a iOS<\/b> siga estos pasos (pueden variar en funci\u00f3n de la versi\u00f3n del navegador):<\/p>\n<ol>\n<li>Aneu a <em>Ajustaments<\/em>, despr\u00e9s <em>Safari<\/em>.<\/li>\n<li>Aneu a <em>Privadesa i Seguretat<\/em>, ver\u00e1 la opci\u00f3n <em>Bloquejar galetes<\/em> perqu\u00e8 ajusteu el tipus de bloqueig que voleu realitzar.<\/li>\n<\/ol>\n<p>Para acceder a la configuraci\u00f3n de <em>cookies<\/em> del navegador per a dispositius <b>Android<\/b> siga estos pasos (pueden variar en funci\u00f3n de la versi\u00f3n del navegador):<\/p>\n<ol>\n<li>Executeu el navegador i premeu la tecla <em>Men\u00fa<\/em>, despr\u00e9s <em>Ajustaments<\/em>.<\/li>\n<li>Aneu a <em>Seguretat i Privadesa<\/em>, ver\u00e1 la opci\u00f3n <em>Acceptar cookies<\/em> perqu\u00e8 activeu o desactiveu la casella.<\/li>\n<\/ol>\n<p>Para acceder a la configuraci\u00f3n de <em>cookies<\/em> del navegador per a dispositius <b>Windows Phone<\/b> siga estos pasos (pueden variar en funci\u00f3n de la versi\u00f3n del navegador):<\/p>\n<ol>\n<li>Obriu <em>Internet Explorer<\/em>, despr\u00e9s <em>M\u00e1s<\/em>, despr\u00e9s <em>Configuraci\u00f3n<\/em><\/li>\n<li>Ara podeu activar o desactivar la casella <em>Permetre cookies<\/em>.<\/li>\n<\/ol>","protected":false},"excerpt":{"rendered":"<p>\u00bfQu\u00e9 es una cookie? Una cookie es un fichero de texto inofensivo que se almacena en su navegador cuando visita casi cualquier p\u00e1gina web. La utilidad de la cookie es que la web sea capaz de recordar su visita cuando vuelva a navegar por esa p\u00e1gina. Aunque mucha gente no lo sabe las cookies se [&hellip;]<\/p>\n","protected":false},"author":2,"featured_media":0,"parent":0,"menu_order":0,"comment_status":"closed","ping_status":"closed","template":"","meta":{"footnotes":""},"class_list":["post-1294","page","type-page","status-publish","hentry"],"_links":{"self":[{"href":"https:\/\/accidentedetrafico.com\/ca\/wp-json\/wp\/v2\/pages\/1294","targetHints":{"allow":["GET"]}}],"collection":[{"href":"https:\/\/accidentedetrafico.com\/ca\/wp-json\/wp\/v2\/pages"}],"about":[{"href":"https:\/\/accidentedetrafico.com\/ca\/wp-json\/wp\/v2\/types\/page"}],"author":[{"embeddable":true,"href":"https:\/\/accidentedetrafico.com\/ca\/wp-json\/wp\/v2\/users\/2"}],"replies":[{"embeddable":true,"href":"https:\/\/accidentedetrafico.com\/ca\/wp-json\/wp\/v2\/comments?post=1294"}],"version-history":[{"count":1,"href":"https:\/\/accidentedetrafico.com\/ca\/wp-json\/wp\/v2\/pages\/1294\/revisions"}],"predecessor-version":[{"id":1335,"href":"https:\/\/accidentedetrafico.com\/ca\/wp-json\/wp\/v2\/pages\/1294\/revisions\/1335"}],"wp:attachment":[{"href":"https:\/\/accidentedetrafico.com\/ca\/wp-json\/wp\/v2\/media?parent=1294"}],"curies":[{"name":"wp","href":"https:\/\/api.w.org\/{rel}","templated":true}]}}